{"id":2351,"date":"2023-07-18T17:41:41","date_gmt":"2023-07-18T17:41:41","guid":{"rendered":"https:\/\/thegoldenstroopwafel.nl\/ueber-uns\/"},"modified":"2026-03-03T14:32:11","modified_gmt":"2026-03-03T14:32:11","slug":"ueber-uns","status":"publish","type":"page","link":"https:\/\/thegoldenstroopwafel.nl\/de\/ueber-uns\/","title":{"rendered":"\u00dcber uns"},"content":{"rendered":"<p><div class=\"fusion-fullwidth fullwidth-box fusion-builder-row-1 fusion-flex-container has-pattern-background has-mask-background nonhundred-percent-fullwidth non-hundred-percent-height-scrolling\" style=\"--awb-border-radius-top-left:0px;--awb-border-radius-top-right:0px;--awb-border-radius-bottom-right:0px;--awb-border-radius-bottom-left:0px;--awb-background-color:#000000;--awb-flex-wrap:wrap;\" ><div class=\"fusion-builder-row fusion-row fusion-flex-align-items-flex-start fusion-flex-content-wrap\" style=\"max-width:1331.2px;margin-left: calc(-4% \/ 2 );margin-right: calc(-4% \/ 2 );\"><div class=\"fusion-layout-column fusion_builder_column fusion-builder-column-0 fusion_builder_column_1_1 1_1 fusion-flex-column\" style=\"--awb-bg-size:cover;--awb-width-large:100%;--awb-spacing-right-large:1.92%;--awb-margin-bottom-large:0px;--awb-spacing-left-large:1.92%;--awb-width-medium:100%;--awb-order-medium:0;--awb-spacing-right-medium:1.92%;--awb-spacing-left-medium:1.92%;--awb-width-small:100%;--awb-order-small:0;--awb-spacing-right-small:1.92%;--awb-spacing-left-small:1.92%;\"><div class=\"fusion-column-wrapper fusion-column-has-shadow fusion-flex-justify-content-flex-start fusion-content-layout-column\"><div class=\"fusion-title title fusion-title-1 fusion-sep-none fusion-title-text fusion-title-size-one\" style=\"--awb-text-color:var(--awb-color5);--awb-margin-top-small:10px;--awb-margin-right-small:0px;--awb-margin-bottom-small:10px;--awb-margin-left-small:0px;--awb-font-size:30px;\"><h1 class=\"fusion-title-heading title-heading-left\" style=\"margin:0;font-size:1em;\"><div style=\"text-align: center;\"><span style=\"font-size: 1em; letter-spacing: 0.64px; background-color: rgba(0, 0, 0, 0);\">The Golden Stroopwafel: Gold, Gem\u00fctlichkeit und Mut<\/span><\/div><\/h1><\/div><div class=\"fusion-text fusion-text-1\" style=\"--awb-text-color:var(--awb-color1);\"><p style=\"text-align: center;\">Hier bei The Golden Stroopwafel dreht sich alles um warme, altholl\u00e4ndische Gem\u00fctlichkeit, aber mit einem \u00fcberraschenden Twist. Wir sind ein einzigartiges Stroopwafel-Konzept mit kleinschaliger Gastronomie, wo Handwerk und Kreativit\u00e4t zusammenkommen. Unsere Bar verbindet Fremde und bringt die Geselligkeit hier zusammen. Denk an: klassische Stroopwafels, wie du sie kennst, und spannende Varianten, die du so noch nie probiert hast.   <\/p>\n<\/div><div class=\"fusion-image-element \" style=\"text-align:center;--awb-aspect-ratio:3 \/ 1;--awb-caption-title-font-family:var(--h2_typography-font-family);--awb-caption-title-font-weight:var(--h2_typography-font-weight);--awb-caption-title-font-style:var(--h2_typography-font-style);--awb-caption-title-size:var(--h2_typography-font-size);--awb-caption-title-transform:var(--h2_typography-text-transform);--awb-caption-title-line-height:var(--h2_typography-line-height);--awb-caption-title-letter-spacing:var(--h2_typography-letter-spacing);\"><span class=\" fusion-imageframe imageframe-none imageframe-1 hover-type-zoomin has-aspect-ratio\" style=\"border-radius:50%;\"><img decoding=\"async\" width=\"2048\" height=\"1365\" title=\"The golden stroopwafel3\" src=\"https:\/\/thegoldenstroopwafel.nl\/wp-content\/uploads\/2026\/02\/The-golden-stroopwafel3.jpeg\" data-orig-src=\"https:\/\/thegoldenstroopwafel.nl\/wp-content\/uploads\/2026\/02\/The-golden-stroopwafel3.jpeg\" class=\"lazyload img-responsive wp-image-2365 img-with-aspect-ratio\" data-parent-fit=\"cover\" data-parent-container=\".fusion-image-element\" alt srcset=\"data:image\/svg+xml,%3Csvg%20xmlns%3D%27http%3A%2F%2Fwww.w3.org%2F2000%2Fsvg%27%20width%3D%272048%27%20height%3D%271365%27%20viewBox%3D%270%200%202048%201365%27%3E%3Crect%20width%3D%272048%27%20height%3D%271365%27%20fill-opacity%3D%220%22%2F%3E%3C%2Fsvg%3E\" data-srcset=\"https:\/\/thegoldenstroopwafel.nl\/wp-content\/uploads\/2026\/02\/The-golden-stroopwafel3-200x133.jpeg 200w, https:\/\/thegoldenstroopwafel.nl\/wp-content\/uploads\/2026\/02\/The-golden-stroopwafel3-400x267.jpeg 400w, https:\/\/thegoldenstroopwafel.nl\/wp-content\/uploads\/2026\/02\/The-golden-stroopwafel3-600x400.jpeg 600w, https:\/\/thegoldenstroopwafel.nl\/wp-content\/uploads\/2026\/02\/The-golden-stroopwafel3-800x533.jpeg 800w, https:\/\/thegoldenstroopwafel.nl\/wp-content\/uploads\/2026\/02\/The-golden-stroopwafel3-1200x800.jpeg 1200w, https:\/\/thegoldenstroopwafel.nl\/wp-content\/uploads\/2026\/02\/The-golden-stroopwafel3.jpeg 2048w\" data-sizes=\"auto\" data-orig-sizes=\"(max-width: 800px) 100vw, 2048px\" \/><\/span><\/div><\/div><\/div><div class=\"fusion-layout-column fusion_builder_column fusion-builder-column-1 fusion_builder_column_1_2 1_2 fusion-flex-column\" style=\"--awb-bg-size:cover;--awb-width-large:50%;--awb-spacing-right-large:3.84%;--awb-margin-bottom-large:0px;--awb-spacing-left-large:3.84%;--awb-width-medium:50%;--awb-order-medium:0;--awb-spacing-right-medium:3.84%;--awb-spacing-left-medium:3.84%;--awb-width-small:100%;--awb-order-small:0;--awb-spacing-right-small:1.92%;--awb-spacing-left-small:1.92%;\"><div class=\"fusion-column-wrapper fusion-column-has-shadow fusion-flex-justify-content-flex-start fusion-content-layout-column\"><div class=\"fusion-title title fusion-title-2 fusion-sep-none fusion-title-center fusion-title-text fusion-title-size-two\" style=\"--awb-text-color:var(--awb-color1);--awb-margin-top-small:10px;--awb-margin-right-small:0px;--awb-margin-bottom-small:10px;--awb-margin-left-small:0px;--awb-font-size:24px;\"><h2 class=\"fusion-title-heading title-heading-center\" style=\"margin:0;font-size:1em;\">Unsere Geschichte<\/h2><\/div><div class=\"fusion-text fusion-text-2\" style=\"--awb-text-color:var(--awb-color1);\"><p>The Golden Stroopwafel wurde von Melissa, Unternehmerin mit Leib und Seele, zusammen mit ihrem Gesch\u00e4ftspartner Savan gegr\u00fcndet. Altholl\u00e4ndische Atmosph\u00e4re ist unsere Basis, aber wir trauen uns, \u00fcber den Tellerrand hinauszuschauen. Melissa f\u00e4hrt Harley und bringt dieses freie, taffe Gef\u00fchl in alles ein, was wir tun: Out-of-the-box denken, Mut zeigen und sich immer trauen, ein kleines bisschen anders zu sein.  <\/p>\n<\/div><\/div><\/div><div class=\"fusion-layout-column fusion_builder_column fusion-builder-column-2 fusion_builder_column_1_2 1_2 fusion-flex-column\" style=\"--awb-bg-size:cover;--awb-width-large:50%;--awb-spacing-right-large:3.84%;--awb-margin-bottom-large:0px;--awb-spacing-left-large:3.84%;--awb-width-medium:50%;--awb-order-medium:0;--awb-spacing-right-medium:3.84%;--awb-spacing-left-medium:3.84%;--awb-width-small:100%;--awb-order-small:0;--awb-spacing-right-small:1.92%;--awb-spacing-left-small:1.92%;\"><div class=\"fusion-column-wrapper fusion-column-has-shadow fusion-flex-justify-content-flex-start fusion-content-layout-column\"><div class=\"fusion-title title fusion-title-3 fusion-sep-none fusion-title-center fusion-title-text fusion-title-size-two\" style=\"--awb-text-color:var(--awb-color1);--awb-margin-top-small:10px;--awb-margin-right-small:0px;--awb-margin-bottom-small:10px;--awb-margin-left-small:0px;--awb-font-size:24px;\"><h2 class=\"fusion-title-heading title-heading-center\" style=\"margin:0;font-size:1em;\">Gold mit Bedeutung<\/h2><\/div><div class=\"fusion-text fusion-text-3\" style=\"--awb-text-color:var(--awb-color1);\"><p>Unser goldenes Branding ist kein Zufall: Der Name The Golden Stroopwafel wurde von Melissas Sohn gew\u00e4hlt. Er ist eine Anspielung auf den warmen Glanz von frisch gebackenem Sirup und gleichzeitig ein Symbol f\u00fcr Familie. Denn was in der K\u00fcche beginnt, wird bei uns zur Familientradition: gemeinsam probieren, lachen und Erinnerungen schaffen.  <\/p>\n<\/div><\/div><\/div><\/div><\/div><div class=\"fusion-fullwidth fullwidth-box fusion-builder-row-2 fusion-flex-container has-pattern-background has-mask-background fusion-parallax-none nonhundred-percent-fullwidth non-hundred-percent-height-scrolling lazyload\" style=\"--awb-border-radius-top-left:0px;--awb-border-radius-top-right:0px;--awb-border-radius-bottom-right:0px;--awb-border-radius-bottom-left:0px;--awb-padding-top:0px;--awb-padding-bottom:70px;--awb-margin-top:8px;--awb-margin-bottom:0px;--awb-background-color:var(--awb-color8);--awb-background-size:cover;--awb-flex-wrap:wrap;\" data-bg=\"https:\/\/goldenstroopwafel.nl\/wp-content\/uploads\/2025\/10\/goud_spacer1.png\" ><div class=\"fusion-builder-row fusion-row fusion-flex-align-items-flex-start fusion-flex-content-wrap\" style=\"max-width:1331.2px;margin-left: calc(-4% \/ 2 );margin-right: calc(-4% \/ 2 );\"><div class=\"fusion-layout-column fusion_builder_column fusion-builder-column-3 fusion_builder_column_1_1 1_1 fusion-flex-column\" style=\"--awb-bg-size:cover;--awb-width-large:100%;--awb-spacing-right-large:1.92%;--awb-margin-bottom-large:0px;--awb-spacing-left-large:1.92%;--awb-width-medium:100%;--awb-order-medium:0;--awb-spacing-right-medium:1.92%;--awb-spacing-left-medium:1.92%;--awb-width-small:100%;--awb-order-small:0;--awb-spacing-right-small:1.92%;--awb-spacing-left-small:1.92%;\"><div class=\"fusion-column-wrapper fusion-column-has-shadow fusion-flex-justify-content-flex-start fusion-content-layout-column\"><div class=\"fusion-text fusion-text-4\" style=\"--awb-text-color:rgba(96,96,96,0);\"><p>.<\/p>\n<\/div><\/div><\/div><\/div><\/div><div class=\"fusion-fullwidth fullwidth-box fusion-builder-row-3 fusion-flex-container has-pattern-background has-mask-background nonhundred-percent-fullwidth non-hundred-percent-height-scrolling\" style=\"--awb-border-radius-top-left:0px;--awb-border-radius-top-right:0px;--awb-border-radius-bottom-right:0px;--awb-border-radius-bottom-left:0px;--awb-background-color:#000000;--awb-flex-wrap:wrap;\" ><div class=\"fusion-builder-row fusion-row fusion-flex-align-items-flex-start fusion-flex-content-wrap\" style=\"max-width:1331.2px;margin-left: calc(-4% \/ 2 );margin-right: calc(-4% \/ 2 );\"><div class=\"fusion-layout-column fusion_builder_column fusion-builder-column-4 fusion_builder_column_1_2 1_2 fusion-flex-column\" style=\"--awb-bg-size:cover;--awb-width-large:50%;--awb-spacing-right-large:3.84%;--awb-margin-bottom-large:0px;--awb-spacing-left-large:3.84%;--awb-width-medium:50%;--awb-order-medium:0;--awb-spacing-right-medium:3.84%;--awb-spacing-left-medium:3.84%;--awb-width-small:50%;--awb-order-small:0;--awb-spacing-right-small:3.84%;--awb-spacing-left-small:3.84%;\"><div class=\"fusion-column-wrapper fusion-column-has-shadow fusion-flex-justify-content-flex-start fusion-content-layout-column\"><div class=\"fusion-title title fusion-title-4 fusion-sep-none fusion-title-text fusion-title-size-two\" style=\"--awb-text-color:var(--awb-color1);--awb-margin-top-small:10px;--awb-margin-right-small:0px;--awb-margin-bottom-small:10px;--awb-margin-left-small:0px;--awb-font-size:24px;\"><h2 class=\"fusion-title-heading title-heading-left\" style=\"margin:0;font-size:1em;\">Handwerk mit einer pers\u00f6nlichen Note<\/h2><\/div><div class=\"fusion-text fusion-text-5\" style=\"--awb-text-color:var(--awb-color1);\"><p>\u201eKreativit\u00e4t mit einer pers\u00f6nlichen Note\u201c fasst Melissa perfekt zusammen. Jede Kreation tr\u00e4gt ihre pers\u00f6nliche Handschrift, von klassischen Waffeln bis hin zu Limited Editions mit eigenem Twist. Erwarte einen begeisterten, spontanen Empfang. Bei uns steht Gem\u00fctlichkeit an erster Stelle.   <\/p>\n<\/div><div class=\"fusion-title title fusion-title-5 fusion-sep-none fusion-title-text fusion-title-size-two\" style=\"--awb-text-color:var(--awb-color1);--awb-margin-top-small:10px;--awb-margin-right-small:0px;--awb-margin-bottom-small:10px;--awb-margin-left-small:0px;--awb-sep-color:var(--awb-color1);--awb-font-size:24px;\"><h2 class=\"fusion-title-heading title-heading-left\" style=\"margin:0;font-size:1em;\">Komm vorbei<br aria-hidden=\"true\"><\/h2><\/div><div class=\"fusion-text fusion-text-6\" style=\"--awb-text-color:var(--awb-color1);\"><p>Du findest The Golden Stroopwafel in der Magdalenenstraat 9 in Alkmaar.<br aria-hidden=\"true\">Wir haben von Mittwoch bis Samstag von 09:30 bis 17:30 Uhr ge\u00f6ffnet.<br aria-hidden=\"true\">Schau rein f\u00fcr einen perfekten Kaffee mit einer (goldenen) Stroopwafel und lass dich von unseren Kombinationen \u00fcberraschen: handwerklich vertraut, herrlich innovativ.<\/p>\n<\/div><\/div><\/div><div class=\"fusion-layout-column fusion_builder_column fusion-builder-column-5 fusion_builder_column_1_2 1_2 fusion-flex-column fusion-flex-align-self-stretch\" style=\"--awb-bg-size:cover;--awb-width-large:50%;--awb-spacing-right-large:3.84%;--awb-margin-bottom-large:0px;--awb-spacing-left-large:3.84%;--awb-width-medium:50%;--awb-order-medium:0;--awb-spacing-right-medium:3.84%;--awb-spacing-left-medium:3.84%;--awb-width-small:50%;--awb-order-small:0;--awb-spacing-right-small:3.84%;--awb-spacing-left-small:3.84%;\"><div class=\"fusion-column-wrapper fusion-column-has-shadow fusion-flex-justify-content-center fusion-content-layout-column\"><div class=\"fusion-image-element \" style=\"text-align:center;--awb-mask-url: url(https:\/\/thegoldenstroopwafel.nl\/wp-content\/plugins\/fusion-builder\/\/assets\/images\/masks\/mask-4.svg);--awb-caption-title-font-family:var(--h2_typography-font-family);--awb-caption-title-font-weight:var(--h2_typography-font-weight);--awb-caption-title-font-style:var(--h2_typography-font-style);--awb-caption-title-size:var(--h2_typography-font-size);--awb-caption-title-transform:var(--h2_typography-text-transform);--awb-caption-title-line-height:var(--h2_typography-line-height);--awb-caption-title-letter-spacing:var(--h2_typography-letter-spacing);\"><span class=\" fusion-imageframe imageframe-none imageframe-2 hover-type-none has-mask\"><img decoding=\"async\" width=\"225\" height=\"300\" title=\"The golden stroopwafel15\" src=\"https:\/\/thegoldenstroopwafel.nl\/wp-content\/uploads\/2026\/02\/The-golden-stroopwafel15.jpeg\" data-orig-src=\"https:\/\/thegoldenstroopwafel.nl\/wp-content\/uploads\/2026\/02\/The-golden-stroopwafel15-225x300.jpeg\" alt class=\"lazyload img-responsive wp-image-2369\" srcset=\"data:image\/svg+xml,%3Csvg%20xmlns%3D%27http%3A%2F%2Fwww.w3.org%2F2000%2Fsvg%27%20width%3D%271200%27%20height%3D%271600%27%20viewBox%3D%270%200%201200%201600%27%3E%3Crect%20width%3D%271200%27%20height%3D%271600%27%20fill-opacity%3D%220%22%2F%3E%3C%2Fsvg%3E\" data-srcset=\"https:\/\/thegoldenstroopwafel.nl\/wp-content\/uploads\/2026\/02\/The-golden-stroopwafel15-200x267.jpeg 200w, https:\/\/thegoldenstroopwafel.nl\/wp-content\/uploads\/2026\/02\/The-golden-stroopwafel15-400x533.jpeg 400w, https:\/\/thegoldenstroopwafel.nl\/wp-content\/uploads\/2026\/02\/The-golden-stroopwafel15-600x800.jpeg 600w, https:\/\/thegoldenstroopwafel.nl\/wp-content\/uploads\/2026\/02\/The-golden-stroopwafel15-800x1067.jpeg 800w, https:\/\/thegoldenstroopwafel.nl\/wp-content\/uploads\/2026\/02\/The-golden-stroopwafel15.jpeg 1200w\" data-sizes=\"auto\" data-orig-sizes=\"(max-width: 800px) 100vw, 800px\" \/><\/span><\/div><\/div><\/div><\/div><\/div><div class=\"fusion-fullwidth fullwidth-box fusion-builder-row-4 fusion-flex-container has-pattern-background has-mask-background nonhundred-percent-fullwidth non-hundred-percent-height-scrolling\" style=\"--awb-border-radius-top-left:0px;--awb-border-radius-top-right:0px;--awb-border-radius-bottom-right:0px;--awb-border-radius-bottom-left:0px;--awb-flex-wrap:wrap;\" ><div class=\"fusion-builder-row fusion-row fusion-flex-align-items-flex-start fusion-flex-content-wrap\" style=\"max-width:1331.2px;margin-left: calc(-4% \/ 2 );margin-right: calc(-4% \/ 2 );\"><div class=\"fusion-layout-column fusion_builder_column fusion-builder-column-6 fusion_builder_column_1_1 1_1 fusion-flex-column\" style=\"--awb-bg-size:cover;--awb-width-large:100%;--awb-spacing-right-large:1.92%;--awb-margin-bottom-large:0px;--awb-spacing-left-large:1.92%;--awb-width-medium:100%;--awb-order-medium:0;--awb-spacing-right-medium:1.92%;--awb-spacing-left-medium:1.92%;--awb-width-small:100%;--awb-order-small:0;--awb-spacing-right-small:1.92%;--awb-spacing-left-small:1.92%;\"><div class=\"fusion-column-wrapper fusion-column-has-shadow fusion-flex-justify-content-flex-start fusion-content-layout-column\"><div class=\"fusion-image-element \" style=\"--awb-caption-title-font-family:var(--h2_typography-font-family);--awb-caption-title-font-weight:var(--h2_typography-font-weight);--awb-caption-title-font-style:var(--h2_typography-font-style);--awb-caption-title-size:var(--h2_typography-font-size);--awb-caption-title-transform:var(--h2_typography-text-transform);--awb-caption-title-line-height:var(--h2_typography-line-height);--awb-caption-title-letter-spacing:var(--h2_typography-letter-spacing);\"><span class=\" fusion-imageframe imageframe-none imageframe-3 hover-type-zoomin\" style=\"border-radius:20px;\"><img decoding=\"async\" width=\"1920\" height=\"1279\" title=\"thumbnail_Foto 2\" src=\"https:\/\/thegoldenstroopwafel.nl\/wp-content\/uploads\/2025\/12\/thumbnail_Foto-2.jpg\" data-orig-src=\"https:\/\/thegoldenstroopwafel.nl\/wp-content\/uploads\/2025\/12\/thumbnail_Foto-2.jpg\" alt class=\"lazyload img-responsive wp-image-2358\" srcset=\"data:image\/svg+xml,%3Csvg%20xmlns%3D%27http%3A%2F%2Fwww.w3.org%2F2000%2Fsvg%27%20width%3D%271920%27%20height%3D%271279%27%20viewBox%3D%270%200%201920%201279%27%3E%3Crect%20width%3D%271920%27%20height%3D%271279%27%20fill-opacity%3D%220%22%2F%3E%3C%2Fsvg%3E\" data-srcset=\"https:\/\/thegoldenstroopwafel.nl\/wp-content\/uploads\/2025\/12\/thumbnail_Foto-2-200x133.jpg 200w, https:\/\/thegoldenstroopwafel.nl\/wp-content\/uploads\/2025\/12\/thumbnail_Foto-2-400x266.jpg 400w, https:\/\/thegoldenstroopwafel.nl\/wp-content\/uploads\/2025\/12\/thumbnail_Foto-2-600x400.jpg 600w, https:\/\/thegoldenstroopwafel.nl\/wp-content\/uploads\/2025\/12\/thumbnail_Foto-2-800x533.jpg 800w, https:\/\/thegoldenstroopwafel.nl\/wp-content\/uploads\/2025\/12\/thumbnail_Foto-2-1200x799.jpg 1200w, https:\/\/thegoldenstroopwafel.nl\/wp-content\/uploads\/2025\/12\/thumbnail_Foto-2.jpg 1920w\" data-sizes=\"auto\" data-orig-sizes=\"(max-width: 800px) 100vw, 1920px\" \/><\/span><\/div><\/div><\/div><\/div><\/div><\/p>\n","protected":false},"excerpt":{"rendered":"","protected":false},"author":1,"featured_media":0,"parent":0,"menu_order":0,"comment_status":"closed","ping_status":"closed","template":"100-width.php","meta":{"_acf_changed":false,"footnotes":""},"class_list":["post-2351","page","type-page","status-publish","hentry"],"acf":[],"yoast_head":"<!-- This site is optimized with the Yoast SEO plugin v27.5 - https:\/\/yoast.com\/product\/yoast-seo-wordpress\/ -->\n<title>\u00dcber uns | The Golden Stroopwafel<\/title>\n<meta name=\"description\" content=\"The Golden Stroopwafel ist aus der Liebe zu Handwerk und Geschmack entstanden. Lies unsere Geschichte und entdecke, wie wir die Stroopwafel auf ein neues, goldenes Niveau heben.\" \/>\n<meta name=\"robots\" content=\"index, follow, max-snippet:-1, max-image-preview:large, max-video-preview:-1\" \/>\n<link rel=\"canonical\" href=\"https:\/\/thegoldenstroopwafel.nl\/de\/ueber-uns\/\" \/>\n<meta property=\"og:locale\" content=\"de_DE\" \/>\n<meta property=\"og:type\" content=\"article\" \/>\n<meta property=\"og:title\" content=\"\u00dcber uns | The Golden Stroopwafel\" \/>\n<meta property=\"og:description\" content=\"The Golden Stroopwafel ist aus der Liebe zu Handwerk und Geschmack entstanden. Lies unsere Geschichte und entdecke, wie wir die Stroopwafel auf ein neues, goldenes Niveau heben.\" \/>\n<meta property=\"og:url\" content=\"https:\/\/thegoldenstroopwafel.nl\/de\/ueber-uns\/\" \/>\n<meta property=\"og:site_name\" content=\"The Golden Stroopwafel\" \/>\n<meta property=\"article:modified_time\" content=\"2026-03-03T14:32:11+00:00\" \/>\n<meta name=\"twitter:card\" content=\"summary_large_image\" \/>\n<meta name=\"twitter:label1\" content=\"Gesch\u00e4tzte Lesezeit\" \/>\n\t<meta name=\"twitter:data1\" content=\"22\u00a0Minuten\" \/>\n<script type=\"application\/ld+json\" class=\"yoast-schema-graph\">{\"@context\":\"https:\\\/\\\/schema.org\",\"@graph\":[{\"@type\":\"WebPage\",\"@id\":\"https:\\\/\\\/thegoldenstroopwafel.nl\\\/de\\\/ueber-uns\\\/\",\"url\":\"https:\\\/\\\/thegoldenstroopwafel.nl\\\/de\\\/ueber-uns\\\/\",\"name\":\"\u00dcber uns | The Golden Stroopwafel\",\"isPartOf\":{\"@id\":\"https:\\\/\\\/thegoldenstroopwafel.nl\\\/de\\\/#website\"},\"datePublished\":\"2023-07-18T17:41:41+00:00\",\"dateModified\":\"2026-03-03T14:32:11+00:00\",\"description\":\"The Golden Stroopwafel ist aus der Liebe zu Handwerk und Geschmack entstanden. Lies unsere Geschichte und entdecke, wie wir die Stroopwafel auf ein neues, goldenes Niveau heben.\",\"breadcrumb\":{\"@id\":\"https:\\\/\\\/thegoldenstroopwafel.nl\\\/de\\\/ueber-uns\\\/#breadcrumb\"},\"inLanguage\":\"de\",\"potentialAction\":[{\"@type\":\"ReadAction\",\"target\":[\"https:\\\/\\\/thegoldenstroopwafel.nl\\\/de\\\/ueber-uns\\\/\"]}]},{\"@type\":\"BreadcrumbList\",\"@id\":\"https:\\\/\\\/thegoldenstroopwafel.nl\\\/de\\\/ueber-uns\\\/#breadcrumb\",\"itemListElement\":[{\"@type\":\"ListItem\",\"position\":1,\"name\":\"Startseite\",\"item\":\"https:\\\/\\\/thegoldenstroopwafel.nl\\\/de\\\/\"},{\"@type\":\"ListItem\",\"position\":2,\"name\":\"\u00dcber uns\"}]},{\"@type\":\"WebSite\",\"@id\":\"https:\\\/\\\/thegoldenstroopwafel.nl\\\/de\\\/#website\",\"url\":\"https:\\\/\\\/thegoldenstroopwafel.nl\\\/de\\\/\",\"name\":\"The Golden Stroopwafel\",\"description\":\"\",\"potentialAction\":[{\"@type\":\"SearchAction\",\"target\":{\"@type\":\"EntryPoint\",\"urlTemplate\":\"https:\\\/\\\/thegoldenstroopwafel.nl\\\/de\\\/?s={search_term_string}\"},\"query-input\":{\"@type\":\"PropertyValueSpecification\",\"valueRequired\":true,\"valueName\":\"search_term_string\"}}],\"inLanguage\":\"de\"}]}<\/script>\n<!-- \/ Yoast SEO plugin. -->","yoast_head_json":{"title":"\u00dcber uns | The Golden Stroopwafel","description":"The Golden Stroopwafel ist aus der Liebe zu Handwerk und Geschmack entstanden. Lies unsere Geschichte und entdecke, wie wir die Stroopwafel auf ein neues, goldenes Niveau heben.","robots":{"index":"index","follow":"follow","max-snippet":"max-snippet:-1","max-image-preview":"max-image-preview:large","max-video-preview":"max-video-preview:-1"},"canonical":"https:\/\/thegoldenstroopwafel.nl\/de\/ueber-uns\/","og_locale":"de_DE","og_type":"article","og_title":"\u00dcber uns | The Golden Stroopwafel","og_description":"The Golden Stroopwafel ist aus der Liebe zu Handwerk und Geschmack entstanden. Lies unsere Geschichte und entdecke, wie wir die Stroopwafel auf ein neues, goldenes Niveau heben.","og_url":"https:\/\/thegoldenstroopwafel.nl\/de\/ueber-uns\/","og_site_name":"The Golden Stroopwafel","article_modified_time":"2026-03-03T14:32:11+00:00","twitter_card":"summary_large_image","twitter_misc":{"Gesch\u00e4tzte Lesezeit":"22\u00a0Minuten"},"schema":{"@context":"https:\/\/schema.org","@graph":[{"@type":"WebPage","@id":"https:\/\/thegoldenstroopwafel.nl\/de\/ueber-uns\/","url":"https:\/\/thegoldenstroopwafel.nl\/de\/ueber-uns\/","name":"\u00dcber uns | The Golden Stroopwafel","isPartOf":{"@id":"https:\/\/thegoldenstroopwafel.nl\/de\/#website"},"datePublished":"2023-07-18T17:41:41+00:00","dateModified":"2026-03-03T14:32:11+00:00","description":"The Golden Stroopwafel ist aus der Liebe zu Handwerk und Geschmack entstanden. Lies unsere Geschichte und entdecke, wie wir die Stroopwafel auf ein neues, goldenes Niveau heben.","breadcrumb":{"@id":"https:\/\/thegoldenstroopwafel.nl\/de\/ueber-uns\/#breadcrumb"},"inLanguage":"de","potentialAction":[{"@type":"ReadAction","target":["https:\/\/thegoldenstroopwafel.nl\/de\/ueber-uns\/"]}]},{"@type":"BreadcrumbList","@id":"https:\/\/thegoldenstroopwafel.nl\/de\/ueber-uns\/#breadcrumb","itemListElement":[{"@type":"ListItem","position":1,"name":"Startseite","item":"https:\/\/thegoldenstroopwafel.nl\/de\/"},{"@type":"ListItem","position":2,"name":"\u00dcber uns"}]},{"@type":"WebSite","@id":"https:\/\/thegoldenstroopwafel.nl\/de\/#website","url":"https:\/\/thegoldenstroopwafel.nl\/de\/","name":"The Golden Stroopwafel","description":"","potentialAction":[{"@type":"SearchAction","target":{"@type":"EntryPoint","urlTemplate":"https:\/\/thegoldenstroopwafel.nl\/de\/?s={search_term_string}"},"query-input":{"@type":"PropertyValueSpecification","valueRequired":true,"valueName":"search_term_string"}}],"inLanguage":"de"}]}},"_links":{"self":[{"href":"https:\/\/thegoldenstroopwafel.nl\/de\/wp-json\/wp\/v2\/pages\/2351","targetHints":{"allow":["GET"]}}],"collection":[{"href":"https:\/\/thegoldenstroopwafel.nl\/de\/wp-json\/wp\/v2\/pages"}],"about":[{"href":"https:\/\/thegoldenstroopwafel.nl\/de\/wp-json\/wp\/v2\/types\/page"}],"author":[{"embeddable":true,"href":"https:\/\/thegoldenstroopwafel.nl\/de\/wp-json\/wp\/v2\/users\/1"}],"replies":[{"embeddable":true,"href":"https:\/\/thegoldenstroopwafel.nl\/de\/wp-json\/wp\/v2\/comments?post=2351"}],"version-history":[{"count":7,"href":"https:\/\/thegoldenstroopwafel.nl\/de\/wp-json\/wp\/v2\/pages\/2351\/revisions"}],"predecessor-version":[{"id":2415,"href":"https:\/\/thegoldenstroopwafel.nl\/de\/wp-json\/wp\/v2\/pages\/2351\/revisions\/2415"}],"wp:attachment":[{"href":"https:\/\/thegoldenstroopwafel.nl\/de\/wp-json\/wp\/v2\/media?parent=2351"}],"curies":[{"name":"wp","href":"https:\/\/api.w.org\/{rel}","templated":true}]}}