{"id":3091,"date":"2023-07-18T17:41:41","date_gmt":"2023-07-18T17:41:41","guid":{"rendered":"https:\/\/thegoldenstroopwafel.nl\/a-propos-de-nous\/"},"modified":"2026-03-03T14:44:54","modified_gmt":"2026-03-03T14:44:54","slug":"a-propos-de-nous","status":"publish","type":"page","link":"https:\/\/thegoldenstroopwafel.nl\/fr\/a-propos-de-nous\/","title":{"rendered":"\u00c0 propos de nous"},"content":{"rendered":"<p><div class=\"fusion-fullwidth fullwidth-box fusion-builder-row-1 fusion-flex-container has-pattern-background has-mask-background nonhundred-percent-fullwidth non-hundred-percent-height-scrolling\" style=\"--awb-border-radius-top-left:0px;--awb-border-radius-top-right:0px;--awb-border-radius-bottom-right:0px;--awb-border-radius-bottom-left:0px;--awb-background-color:#000000;--awb-flex-wrap:wrap;\" ><div class=\"fusion-builder-row fusion-row fusion-flex-align-items-flex-start fusion-flex-content-wrap\" style=\"max-width:1331.2px;margin-left: calc(-4% \/ 2 );margin-right: calc(-4% \/ 2 );\"><div class=\"fusion-layout-column fusion_builder_column fusion-builder-column-0 fusion_builder_column_1_1 1_1 fusion-flex-column\" style=\"--awb-bg-size:cover;--awb-width-large:100%;--awb-spacing-right-large:1.92%;--awb-margin-bottom-large:0px;--awb-spacing-left-large:1.92%;--awb-width-medium:100%;--awb-order-medium:0;--awb-spacing-right-medium:1.92%;--awb-spacing-left-medium:1.92%;--awb-width-small:100%;--awb-order-small:0;--awb-spacing-right-small:1.92%;--awb-spacing-left-small:1.92%;\"><div class=\"fusion-column-wrapper fusion-column-has-shadow fusion-flex-justify-content-flex-start fusion-content-layout-column\"><div class=\"fusion-title title fusion-title-1 fusion-sep-none fusion-title-text fusion-title-size-one\" style=\"--awb-text-color:var(--awb-color5);--awb-margin-top-small:10px;--awb-margin-right-small:0px;--awb-margin-bottom-small:10px;--awb-margin-left-small:0px;--awb-font-size:30px;\"><h1 class=\"fusion-title-heading title-heading-left\" style=\"margin:0;font-size:1em;\"><div style=\"text-align: center;\"><span style=\"font-size: 1em; letter-spacing: 0.64px; background-color: rgba(0, 0, 0, 0);\">The Golden Stroopwafel : de l\u2019or, de la convivialit\u00e9 et de l\u2019audace<\/span><\/div><\/h1><\/div><div class=\"fusion-text fusion-text-1\" style=\"--awb-text-color:var(--awb-color1);\"><p style=\"text-align: center;\">Ici, chez The Golden Stroopwafel, tout tourne autour de la chaleur et de la convivialit\u00e9 hollandaise traditionnelle, mais avec une touche surprenante. Nous sommes un concept unique de stroopwafels avec un petit espace de restauration o\u00f9 l\u2019artisanat et la cr\u00e9ativit\u00e9 se rencontrent. Notre bar cr\u00e9e du lien entre les inconnus et rassemble la convivialit\u00e9. Imagine : des stroopwafels classiques comme tu les connais, et des versions surprenantes que tu n\u2019as encore jamais go\u00fbt\u00e9es.   <\/p>\n<\/div><div class=\"fusion-image-element \" style=\"text-align:center;--awb-aspect-ratio:3 \/ 1;--awb-caption-title-font-family:var(--h2_typography-font-family);--awb-caption-title-font-weight:var(--h2_typography-font-weight);--awb-caption-title-font-style:var(--h2_typography-font-style);--awb-caption-title-size:var(--h2_typography-font-size);--awb-caption-title-transform:var(--h2_typography-text-transform);--awb-caption-title-line-height:var(--h2_typography-line-height);--awb-caption-title-letter-spacing:var(--h2_typography-letter-spacing);\"><span class=\" fusion-imageframe imageframe-none imageframe-1 hover-type-zoomin has-aspect-ratio\" style=\"border-radius:50%;\"><img decoding=\"async\" width=\"2048\" height=\"1365\" title=\"The golden stroopwafel3\" src=\"https:\/\/thegoldenstroopwafel.nl\/wp-content\/uploads\/2026\/02\/The-golden-stroopwafel3.jpeg\" data-orig-src=\"https:\/\/thegoldenstroopwafel.nl\/wp-content\/uploads\/2026\/02\/The-golden-stroopwafel3.jpeg\" class=\"lazyload img-responsive wp-image-2371 img-with-aspect-ratio\" data-parent-fit=\"cover\" data-parent-container=\".fusion-image-element\" alt srcset=\"data:image\/svg+xml,%3Csvg%20xmlns%3D%27http%3A%2F%2Fwww.w3.org%2F2000%2Fsvg%27%20width%3D%272048%27%20height%3D%271365%27%20viewBox%3D%270%200%202048%201365%27%3E%3Crect%20width%3D%272048%27%20height%3D%271365%27%20fill-opacity%3D%220%22%2F%3E%3C%2Fsvg%3E\" data-srcset=\"https:\/\/thegoldenstroopwafel.nl\/wp-content\/uploads\/2026\/02\/The-golden-stroopwafel3-200x133.jpeg 200w, https:\/\/thegoldenstroopwafel.nl\/wp-content\/uploads\/2026\/02\/The-golden-stroopwafel3-400x267.jpeg 400w, https:\/\/thegoldenstroopwafel.nl\/wp-content\/uploads\/2026\/02\/The-golden-stroopwafel3-600x400.jpeg 600w, https:\/\/thegoldenstroopwafel.nl\/wp-content\/uploads\/2026\/02\/The-golden-stroopwafel3-800x533.jpeg 800w, https:\/\/thegoldenstroopwafel.nl\/wp-content\/uploads\/2026\/02\/The-golden-stroopwafel3-1200x800.jpeg 1200w, https:\/\/thegoldenstroopwafel.nl\/wp-content\/uploads\/2026\/02\/The-golden-stroopwafel3.jpeg 2048w\" data-sizes=\"auto\" data-orig-sizes=\"(max-width: 800px) 100vw, 2048px\" \/><\/span><\/div><\/div><\/div><div class=\"fusion-layout-column fusion_builder_column fusion-builder-column-1 fusion_builder_column_1_2 1_2 fusion-flex-column\" style=\"--awb-bg-size:cover;--awb-width-large:50%;--awb-spacing-right-large:3.84%;--awb-margin-bottom-large:0px;--awb-spacing-left-large:3.84%;--awb-width-medium:50%;--awb-order-medium:0;--awb-spacing-right-medium:3.84%;--awb-spacing-left-medium:3.84%;--awb-width-small:100%;--awb-order-small:0;--awb-spacing-right-small:1.92%;--awb-spacing-left-small:1.92%;\"><div class=\"fusion-column-wrapper fusion-column-has-shadow fusion-flex-justify-content-flex-start fusion-content-layout-column\"><div class=\"fusion-title title fusion-title-2 fusion-sep-none fusion-title-center fusion-title-text fusion-title-size-two\" style=\"--awb-text-color:var(--awb-color1);--awb-margin-top-small:10px;--awb-margin-right-small:0px;--awb-margin-bottom-small:10px;--awb-margin-left-small:0px;--awb-font-size:24px;\"><h2 class=\"fusion-title-heading title-heading-center\" style=\"margin:0;font-size:1em;\">Notre histoire<\/h2><\/div><div class=\"fusion-text fusion-text-2\" style=\"--awb-text-color:var(--awb-color1);\"><p>The Golden Stroopwafel a \u00e9t\u00e9 fond\u00e9 par Melissa, entrepreneuse dans l\u2019\u00e2me, avec son partenaire d\u2019affaires Savan. Les ambiances de la vieille Hollande sont notre base, mais nous osons sortir des sentiers battus. Melissa roule en Harley et apporte ce sentiment de libert\u00e9 et de force dans tout ce que nous faisons : penser \u00ab outside the box \u00bb, faire preuve d\u2019audace et toujours oser \u00eatre juste un peu diff\u00e9rent.  <\/p>\n<\/div><\/div><\/div><div class=\"fusion-layout-column fusion_builder_column fusion-builder-column-2 fusion_builder_column_1_2 1_2 fusion-flex-column\" style=\"--awb-bg-size:cover;--awb-width-large:50%;--awb-spacing-right-large:3.84%;--awb-margin-bottom-large:0px;--awb-spacing-left-large:3.84%;--awb-width-medium:50%;--awb-order-medium:0;--awb-spacing-right-medium:3.84%;--awb-spacing-left-medium:3.84%;--awb-width-small:100%;--awb-order-small:0;--awb-spacing-right-small:1.92%;--awb-spacing-left-small:1.92%;\"><div class=\"fusion-column-wrapper fusion-column-has-shadow fusion-flex-justify-content-flex-start fusion-content-layout-column\"><div class=\"fusion-title title fusion-title-3 fusion-sep-none fusion-title-center fusion-title-text fusion-title-size-two\" style=\"--awb-text-color:var(--awb-color1);--awb-margin-top-small:10px;--awb-margin-right-small:0px;--awb-margin-bottom-small:10px;--awb-margin-left-small:0px;--awb-font-size:24px;\"><h2 class=\"fusion-title-heading title-heading-center\" style=\"margin:0;font-size:1em;\">De l\u2019or avec une signification<\/h2><\/div><div class=\"fusion-text fusion-text-3\" style=\"--awb-text-color:var(--awb-color1);\"><p>Notre image de marque dor\u00e9e n\u2019est pas un hasard : le nom The Golden Stroopwafel a \u00e9t\u00e9 choisi par le fils de Melissa. C\u2019est un clin d\u2019\u0153il \u00e0 la lueur chaude du sirop fra\u00eechement cuit et, en m\u00eame temps, un symbole pour la famille. Car ce qui commence en cuisine devient chez nous une tradition familiale : go\u00fbter ensemble, rire et se cr\u00e9er des souvenirs.  <\/p>\n<\/div><\/div><\/div><\/div><\/div><div class=\"fusion-fullwidth fullwidth-box fusion-builder-row-2 fusion-flex-container has-pattern-background has-mask-background fusion-parallax-none nonhundred-percent-fullwidth non-hundred-percent-height-scrolling lazyload\" style=\"--awb-border-radius-top-left:0px;--awb-border-radius-top-right:0px;--awb-border-radius-bottom-right:0px;--awb-border-radius-bottom-left:0px;--awb-padding-top:0px;--awb-padding-bottom:70px;--awb-margin-top:8px;--awb-margin-bottom:0px;--awb-background-color:var(--awb-color8);--awb-background-size:cover;--awb-flex-wrap:wrap;\" data-bg=\"https:\/\/goldenstroopwafel.nl\/wp-content\/uploads\/2025\/10\/goud_spacer1.png\" ><div class=\"fusion-builder-row fusion-row fusion-flex-align-items-flex-start fusion-flex-content-wrap\" style=\"max-width:1331.2px;margin-left: calc(-4% \/ 2 );margin-right: calc(-4% \/ 2 );\"><div class=\"fusion-layout-column fusion_builder_column fusion-builder-column-3 fusion_builder_column_1_1 1_1 fusion-flex-column\" style=\"--awb-bg-size:cover;--awb-width-large:100%;--awb-spacing-right-large:1.92%;--awb-margin-bottom-large:0px;--awb-spacing-left-large:1.92%;--awb-width-medium:100%;--awb-order-medium:0;--awb-spacing-right-medium:1.92%;--awb-spacing-left-medium:1.92%;--awb-width-small:100%;--awb-order-small:0;--awb-spacing-right-small:1.92%;--awb-spacing-left-small:1.92%;\"><div class=\"fusion-column-wrapper fusion-column-has-shadow fusion-flex-justify-content-flex-start fusion-content-layout-column\"><div class=\"fusion-text fusion-text-4\" style=\"--awb-text-color:rgba(96,96,96,0);\"><p>.<\/p>\n<\/div><\/div><\/div><\/div><\/div><div class=\"fusion-fullwidth fullwidth-box fusion-builder-row-3 fusion-flex-container has-pattern-background has-mask-background nonhundred-percent-fullwidth non-hundred-percent-height-scrolling\" style=\"--awb-border-radius-top-left:0px;--awb-border-radius-top-right:0px;--awb-border-radius-bottom-right:0px;--awb-border-radius-bottom-left:0px;--awb-background-color:#000000;--awb-flex-wrap:wrap;\" ><div class=\"fusion-builder-row fusion-row fusion-flex-align-items-flex-start fusion-flex-content-wrap\" style=\"max-width:1331.2px;margin-left: calc(-4% \/ 2 );margin-right: calc(-4% \/ 2 );\"><div class=\"fusion-layout-column fusion_builder_column fusion-builder-column-4 fusion_builder_column_1_2 1_2 fusion-flex-column\" style=\"--awb-bg-size:cover;--awb-width-large:50%;--awb-spacing-right-large:3.84%;--awb-margin-bottom-large:0px;--awb-spacing-left-large:3.84%;--awb-width-medium:50%;--awb-order-medium:0;--awb-spacing-right-medium:3.84%;--awb-spacing-left-medium:3.84%;--awb-width-small:50%;--awb-order-small:0;--awb-spacing-right-small:3.84%;--awb-spacing-left-small:3.84%;\"><div class=\"fusion-column-wrapper fusion-column-has-shadow fusion-flex-justify-content-flex-start fusion-content-layout-column\"><div class=\"fusion-title title fusion-title-4 fusion-sep-none fusion-title-text fusion-title-size-two\" style=\"--awb-text-color:var(--awb-color1);--awb-margin-top-small:10px;--awb-margin-right-small:0px;--awb-margin-bottom-small:10px;--awb-margin-left-small:0px;--awb-font-size:24px;\"><h2 class=\"fusion-title-heading title-heading-left\" style=\"margin:0;font-size:1em;\">L\u2019artisanat avec une touche personnelle<\/h2><\/div><div class=\"fusion-text fusion-text-5\" style=\"--awb-text-color:var(--awb-color1);\"><p>\u00ab La cr\u00e9ativit\u00e9 avec une touche de moi \u00bb, c\u2019est ainsi que Melissa r\u00e9sume parfaitement les choses. Chaque cr\u00e9ation porte sa signature personnelle, des gaufres classiques aux \u00e9ditions limit\u00e9es avec une touche originale. Attends-toi \u00e0 un accueil enthousiaste et spontan\u00e9. Chez nous, la convivialit\u00e9 est la priorit\u00e9 num\u00e9ro 1.   <\/p>\n<\/div><div class=\"fusion-title title fusion-title-5 fusion-sep-none fusion-title-text fusion-title-size-two\" style=\"--awb-text-color:var(--awb-color1);--awb-margin-top-small:10px;--awb-margin-right-small:0px;--awb-margin-bottom-small:10px;--awb-margin-left-small:0px;--awb-sep-color:var(--awb-color1);--awb-font-size:24px;\"><h2 class=\"fusion-title-heading title-heading-left\" style=\"margin:0;font-size:1em;\">Viens nous voir<br aria-hidden=\"true\"><\/h2><\/div><div class=\"fusion-text fusion-text-6\" style=\"--awb-text-color:var(--awb-color1);\"><p>Tu trouveras The Golden Stroopwafel au Magdalenenstraat 9 \u00e0 Alkmaar.<br aria-hidden=\"true\">Nous sommes ouverts du mercredi au samedi, de 9h30 \u00e0 17h30.<br aria-hidden=\"true\">Entre pour un caf\u00e9 parfait accompagn\u00e9 d\u2019une stroopwafel (dor\u00e9e) et laisse-toi surprendre par nos combinaisons : un savoir-faire artisanal familier et d\u00e9licieusement innovant.<\/p>\n<\/div><\/div><\/div><div class=\"fusion-layout-column fusion_builder_column fusion-builder-column-5 fusion_builder_column_1_2 1_2 fusion-flex-column fusion-flex-align-self-stretch\" style=\"--awb-bg-size:cover;--awb-width-large:50%;--awb-spacing-right-large:3.84%;--awb-margin-bottom-large:0px;--awb-spacing-left-large:3.84%;--awb-width-medium:50%;--awb-order-medium:0;--awb-spacing-right-medium:3.84%;--awb-spacing-left-medium:3.84%;--awb-width-small:50%;--awb-order-small:0;--awb-spacing-right-small:3.84%;--awb-spacing-left-small:3.84%;\"><div class=\"fusion-column-wrapper fusion-column-has-shadow fusion-flex-justify-content-center fusion-content-layout-column\"><div class=\"fusion-image-element \" style=\"text-align:center;--awb-mask-url: url(https:\/\/thegoldenstroopwafel.nl\/wp-content\/plugins\/fusion-builder\/\/assets\/images\/masks\/mask-4.svg);--awb-caption-title-font-family:var(--h2_typography-font-family);--awb-caption-title-font-weight:var(--h2_typography-font-weight);--awb-caption-title-font-style:var(--h2_typography-font-style);--awb-caption-title-size:var(--h2_typography-font-size);--awb-caption-title-transform:var(--h2_typography-text-transform);--awb-caption-title-line-height:var(--h2_typography-line-height);--awb-caption-title-letter-spacing:var(--h2_typography-letter-spacing);\"><span class=\" fusion-imageframe imageframe-none imageframe-2 hover-type-none has-mask\"><img decoding=\"async\" width=\"225\" height=\"300\" title=\"The golden stroopwafel15\" src=\"https:\/\/thegoldenstroopwafel.nl\/wp-content\/uploads\/2026\/02\/The-golden-stroopwafel15.jpeg\" data-orig-src=\"https:\/\/thegoldenstroopwafel.nl\/wp-content\/uploads\/2026\/02\/The-golden-stroopwafel15-225x300.jpeg\" alt class=\"lazyload img-responsive wp-image-3095\" srcset=\"data:image\/svg+xml,%3Csvg%20xmlns%3D%27http%3A%2F%2Fwww.w3.org%2F2000%2Fsvg%27%20width%3D%271200%27%20height%3D%271600%27%20viewBox%3D%270%200%201200%201600%27%3E%3Crect%20width%3D%271200%27%20height%3D%271600%27%20fill-opacity%3D%220%22%2F%3E%3C%2Fsvg%3E\" data-srcset=\"https:\/\/thegoldenstroopwafel.nl\/wp-content\/uploads\/2026\/02\/The-golden-stroopwafel15-200x267.jpeg 200w, https:\/\/thegoldenstroopwafel.nl\/wp-content\/uploads\/2026\/02\/The-golden-stroopwafel15-400x533.jpeg 400w, https:\/\/thegoldenstroopwafel.nl\/wp-content\/uploads\/2026\/02\/The-golden-stroopwafel15-600x800.jpeg 600w, https:\/\/thegoldenstroopwafel.nl\/wp-content\/uploads\/2026\/02\/The-golden-stroopwafel15-800x1067.jpeg 800w, https:\/\/thegoldenstroopwafel.nl\/wp-content\/uploads\/2026\/02\/The-golden-stroopwafel15.jpeg 1200w\" data-sizes=\"auto\" data-orig-sizes=\"(max-width: 800px) 100vw, 800px\" \/><\/span><\/div><\/div><\/div><\/div><\/div><div class=\"fusion-fullwidth fullwidth-box fusion-builder-row-4 fusion-flex-container has-pattern-background has-mask-background nonhundred-percent-fullwidth non-hundred-percent-height-scrolling\" style=\"--awb-border-radius-top-left:0px;--awb-border-radius-top-right:0px;--awb-border-radius-bottom-right:0px;--awb-border-radius-bottom-left:0px;--awb-flex-wrap:wrap;\" ><div class=\"fusion-builder-row fusion-row fusion-flex-align-items-flex-start fusion-flex-content-wrap\" style=\"max-width:1331.2px;margin-left: calc(-4% \/ 2 );margin-right: calc(-4% \/ 2 );\"><div class=\"fusion-layout-column fusion_builder_column fusion-builder-column-6 fusion_builder_column_1_1 1_1 fusion-flex-column\" style=\"--awb-bg-size:cover;--awb-width-large:100%;--awb-spacing-right-large:1.92%;--awb-margin-bottom-large:0px;--awb-spacing-left-large:1.92%;--awb-width-medium:100%;--awb-order-medium:0;--awb-spacing-right-medium:1.92%;--awb-spacing-left-medium:1.92%;--awb-width-small:100%;--awb-order-small:0;--awb-spacing-right-small:1.92%;--awb-spacing-left-small:1.92%;\"><div class=\"fusion-column-wrapper fusion-column-has-shadow fusion-flex-justify-content-flex-start fusion-content-layout-column\"><div class=\"fusion-image-element \" style=\"--awb-caption-title-font-family:var(--h2_typography-font-family);--awb-caption-title-font-weight:var(--h2_typography-font-weight);--awb-caption-title-font-style:var(--h2_typography-font-style);--awb-caption-title-size:var(--h2_typography-font-size);--awb-caption-title-transform:var(--h2_typography-text-transform);--awb-caption-title-line-height:var(--h2_typography-line-height);--awb-caption-title-letter-spacing:var(--h2_typography-letter-spacing);\"><span class=\" fusion-imageframe imageframe-none imageframe-3 hover-type-zoomin\" style=\"border-radius:20px;\"><img decoding=\"async\" width=\"1920\" height=\"1279\" title=\"thumbnail_Foto 2\" src=\"https:\/\/thegoldenstroopwafel.nl\/wp-content\/uploads\/2025\/12\/thumbnail_Foto-2.jpg\" data-orig-src=\"https:\/\/thegoldenstroopwafel.nl\/wp-content\/uploads\/2025\/12\/thumbnail_Foto-2.jpg\" alt class=\"lazyload img-responsive wp-image-3093\" srcset=\"data:image\/svg+xml,%3Csvg%20xmlns%3D%27http%3A%2F%2Fwww.w3.org%2F2000%2Fsvg%27%20width%3D%271920%27%20height%3D%271279%27%20viewBox%3D%270%200%201920%201279%27%3E%3Crect%20width%3D%271920%27%20height%3D%271279%27%20fill-opacity%3D%220%22%2F%3E%3C%2Fsvg%3E\" data-srcset=\"https:\/\/thegoldenstroopwafel.nl\/wp-content\/uploads\/2025\/12\/thumbnail_Foto-2-200x133.jpg 200w, https:\/\/thegoldenstroopwafel.nl\/wp-content\/uploads\/2025\/12\/thumbnail_Foto-2-400x266.jpg 400w, https:\/\/thegoldenstroopwafel.nl\/wp-content\/uploads\/2025\/12\/thumbnail_Foto-2-600x400.jpg 600w, https:\/\/thegoldenstroopwafel.nl\/wp-content\/uploads\/2025\/12\/thumbnail_Foto-2-800x533.jpg 800w, https:\/\/thegoldenstroopwafel.nl\/wp-content\/uploads\/2025\/12\/thumbnail_Foto-2-1200x799.jpg 1200w, https:\/\/thegoldenstroopwafel.nl\/wp-content\/uploads\/2025\/12\/thumbnail_Foto-2.jpg 1920w\" data-sizes=\"auto\" data-orig-sizes=\"(max-width: 800px) 100vw, 1920px\" \/><\/span><\/div><\/div><\/div><\/div><\/div><\/p>\n","protected":false},"excerpt":{"rendered":"","protected":false},"author":1,"featured_media":0,"parent":0,"menu_order":0,"comment_status":"closed","ping_status":"closed","template":"100-width.php","meta":{"_acf_changed":false,"footnotes":""},"class_list":["post-3091","page","type-page","status-publish","hentry"],"acf":[],"yoast_head":"<!-- This site is optimized with the Yoast SEO plugin v27.5 - https:\/\/yoast.com\/product\/yoast-seo-wordpress\/ -->\n<title>\u00c0 propos de nous | The Golden Stroopwafel<\/title>\n<meta name=\"description\" content=\"The Golden Stroopwafel est n\u00e9 de l\u2019amour pour l\u2019artisanat et le go\u00fbt. D\u00e9couvre notre histoire et comment nous \u00e9levons la stroopwafel \u00e0 un niveau sup\u00e9rieur, un niveau d\u2019or.\" \/>\n<meta name=\"robots\" content=\"index, follow, max-snippet:-1, max-image-preview:large, max-video-preview:-1\" \/>\n<link rel=\"canonical\" href=\"https:\/\/thegoldenstroopwafel.nl\/fr\/a-propos-de-nous\/\" \/>\n<meta property=\"og:locale\" content=\"fr_FR\" \/>\n<meta property=\"og:type\" content=\"article\" \/>\n<meta property=\"og:title\" content=\"\u00c0 propos de nous | The Golden Stroopwafel\" \/>\n<meta property=\"og:description\" content=\"The Golden Stroopwafel est n\u00e9 de l\u2019amour pour l\u2019artisanat et le go\u00fbt. D\u00e9couvre notre histoire et comment nous \u00e9levons la stroopwafel \u00e0 un niveau sup\u00e9rieur, un niveau d\u2019or.\" \/>\n<meta property=\"og:url\" content=\"https:\/\/thegoldenstroopwafel.nl\/fr\/a-propos-de-nous\/\" \/>\n<meta property=\"og:site_name\" content=\"The Golden Stroopwafel\" \/>\n<meta property=\"article:modified_time\" content=\"2026-03-03T14:44:54+00:00\" \/>\n<meta name=\"twitter:card\" content=\"summary_large_image\" \/>\n<meta name=\"twitter:label1\" content=\"Dur\u00e9e de lecture estim\u00e9e\" \/>\n\t<meta name=\"twitter:data1\" content=\"22 minutes\" \/>\n<script type=\"application\/ld+json\" class=\"yoast-schema-graph\">{\"@context\":\"https:\\\/\\\/schema.org\",\"@graph\":[{\"@type\":\"WebPage\",\"@id\":\"https:\\\/\\\/thegoldenstroopwafel.nl\\\/fr\\\/a-propos-de-nous\\\/\",\"url\":\"https:\\\/\\\/thegoldenstroopwafel.nl\\\/fr\\\/a-propos-de-nous\\\/\",\"name\":\"\u00c0 propos de nous | The Golden Stroopwafel\",\"isPartOf\":{\"@id\":\"https:\\\/\\\/thegoldenstroopwafel.nl\\\/fr\\\/#website\"},\"datePublished\":\"2023-07-18T17:41:41+00:00\",\"dateModified\":\"2026-03-03T14:44:54+00:00\",\"description\":\"The Golden Stroopwafel est n\u00e9 de l\u2019amour pour l\u2019artisanat et le go\u00fbt. D\u00e9couvre notre histoire et comment nous \u00e9levons la stroopwafel \u00e0 un niveau sup\u00e9rieur, un niveau d\u2019or.\",\"breadcrumb\":{\"@id\":\"https:\\\/\\\/thegoldenstroopwafel.nl\\\/fr\\\/a-propos-de-nous\\\/#breadcrumb\"},\"inLanguage\":\"fr-FR\",\"potentialAction\":[{\"@type\":\"ReadAction\",\"target\":[\"https:\\\/\\\/thegoldenstroopwafel.nl\\\/fr\\\/a-propos-de-nous\\\/\"]}]},{\"@type\":\"BreadcrumbList\",\"@id\":\"https:\\\/\\\/thegoldenstroopwafel.nl\\\/fr\\\/a-propos-de-nous\\\/#breadcrumb\",\"itemListElement\":[{\"@type\":\"ListItem\",\"position\":1,\"name\":\"Accueil\",\"item\":\"https:\\\/\\\/thegoldenstroopwafel.nl\\\/fr\\\/\"},{\"@type\":\"ListItem\",\"position\":2,\"name\":\"\u00c0 propos de nous\"}]},{\"@type\":\"WebSite\",\"@id\":\"https:\\\/\\\/thegoldenstroopwafel.nl\\\/fr\\\/#website\",\"url\":\"https:\\\/\\\/thegoldenstroopwafel.nl\\\/fr\\\/\",\"name\":\"The Golden Stroopwafel\",\"description\":\"\",\"potentialAction\":[{\"@type\":\"SearchAction\",\"target\":{\"@type\":\"EntryPoint\",\"urlTemplate\":\"https:\\\/\\\/thegoldenstroopwafel.nl\\\/fr\\\/?s={search_term_string}\"},\"query-input\":{\"@type\":\"PropertyValueSpecification\",\"valueRequired\":true,\"valueName\":\"search_term_string\"}}],\"inLanguage\":\"fr-FR\"}]}<\/script>\n<!-- \/ Yoast SEO plugin. -->","yoast_head_json":{"title":"\u00c0 propos de nous | The Golden Stroopwafel","description":"The Golden Stroopwafel est n\u00e9 de l\u2019amour pour l\u2019artisanat et le go\u00fbt. D\u00e9couvre notre histoire et comment nous \u00e9levons la stroopwafel \u00e0 un niveau sup\u00e9rieur, un niveau d\u2019or.","robots":{"index":"index","follow":"follow","max-snippet":"max-snippet:-1","max-image-preview":"max-image-preview:large","max-video-preview":"max-video-preview:-1"},"canonical":"https:\/\/thegoldenstroopwafel.nl\/fr\/a-propos-de-nous\/","og_locale":"fr_FR","og_type":"article","og_title":"\u00c0 propos de nous | The Golden Stroopwafel","og_description":"The Golden Stroopwafel est n\u00e9 de l\u2019amour pour l\u2019artisanat et le go\u00fbt. D\u00e9couvre notre histoire et comment nous \u00e9levons la stroopwafel \u00e0 un niveau sup\u00e9rieur, un niveau d\u2019or.","og_url":"https:\/\/thegoldenstroopwafel.nl\/fr\/a-propos-de-nous\/","og_site_name":"The Golden Stroopwafel","article_modified_time":"2026-03-03T14:44:54+00:00","twitter_card":"summary_large_image","twitter_misc":{"Dur\u00e9e de lecture estim\u00e9e":"22 minutes"},"schema":{"@context":"https:\/\/schema.org","@graph":[{"@type":"WebPage","@id":"https:\/\/thegoldenstroopwafel.nl\/fr\/a-propos-de-nous\/","url":"https:\/\/thegoldenstroopwafel.nl\/fr\/a-propos-de-nous\/","name":"\u00c0 propos de nous | The Golden Stroopwafel","isPartOf":{"@id":"https:\/\/thegoldenstroopwafel.nl\/fr\/#website"},"datePublished":"2023-07-18T17:41:41+00:00","dateModified":"2026-03-03T14:44:54+00:00","description":"The Golden Stroopwafel est n\u00e9 de l\u2019amour pour l\u2019artisanat et le go\u00fbt. D\u00e9couvre notre histoire et comment nous \u00e9levons la stroopwafel \u00e0 un niveau sup\u00e9rieur, un niveau d\u2019or.","breadcrumb":{"@id":"https:\/\/thegoldenstroopwafel.nl\/fr\/a-propos-de-nous\/#breadcrumb"},"inLanguage":"fr-FR","potentialAction":[{"@type":"ReadAction","target":["https:\/\/thegoldenstroopwafel.nl\/fr\/a-propos-de-nous\/"]}]},{"@type":"BreadcrumbList","@id":"https:\/\/thegoldenstroopwafel.nl\/fr\/a-propos-de-nous\/#breadcrumb","itemListElement":[{"@type":"ListItem","position":1,"name":"Accueil","item":"https:\/\/thegoldenstroopwafel.nl\/fr\/"},{"@type":"ListItem","position":2,"name":"\u00c0 propos de nous"}]},{"@type":"WebSite","@id":"https:\/\/thegoldenstroopwafel.nl\/fr\/#website","url":"https:\/\/thegoldenstroopwafel.nl\/fr\/","name":"The Golden Stroopwafel","description":"","potentialAction":[{"@type":"SearchAction","target":{"@type":"EntryPoint","urlTemplate":"https:\/\/thegoldenstroopwafel.nl\/fr\/?s={search_term_string}"},"query-input":{"@type":"PropertyValueSpecification","valueRequired":true,"valueName":"search_term_string"}}],"inLanguage":"fr-FR"}]}},"_links":{"self":[{"href":"https:\/\/thegoldenstroopwafel.nl\/fr\/wp-json\/wp\/v2\/pages\/3091","targetHints":{"allow":["GET"]}}],"collection":[{"href":"https:\/\/thegoldenstroopwafel.nl\/fr\/wp-json\/wp\/v2\/pages"}],"about":[{"href":"https:\/\/thegoldenstroopwafel.nl\/fr\/wp-json\/wp\/v2\/types\/page"}],"author":[{"embeddable":true,"href":"https:\/\/thegoldenstroopwafel.nl\/fr\/wp-json\/wp\/v2\/users\/1"}],"replies":[{"embeddable":true,"href":"https:\/\/thegoldenstroopwafel.nl\/fr\/wp-json\/wp\/v2\/comments?post=3091"}],"version-history":[{"count":2,"href":"https:\/\/thegoldenstroopwafel.nl\/fr\/wp-json\/wp\/v2\/pages\/3091\/revisions"}],"predecessor-version":[{"id":3127,"href":"https:\/\/thegoldenstroopwafel.nl\/fr\/wp-json\/wp\/v2\/pages\/3091\/revisions\/3127"}],"wp:attachment":[{"href":"https:\/\/thegoldenstroopwafel.nl\/fr\/wp-json\/wp\/v2\/media?parent=3091"}],"curies":[{"name":"wp","href":"https:\/\/api.w.org\/{rel}","templated":true}]}}